{"id":881,"date":"2018-11-22T12:14:39","date_gmt":"2018-11-22T12:14:39","guid":{"rendered":"https:\/\/demo-content.kaliumtheme.com\/medical\/?page_id=881"},"modified":"2021-07-16T20:42:26","modified_gmt":"2021-07-16T17:42:26","slug":"contact","status":"publish","type":"page","link":"https:\/\/dentaguven.com\/en\/contact\/","title":{"rendered":"Contact"},"content":{"rendered":"<p>[vc_row full_width=&#8221;stretch_row_content_no_spaces&#8221;][vc_column][lab_google_map zoom=&#8221;15&#8243; map_options=&#8221;map-style&#8221; map_controls=&#8221;zoomControl&#8221; map_style=&#8221;#E-8_JTVCJTBBJTIwJTIwJTIwJTIwJTdCJTBBJTIwJTIwJTIwJTIwJTIwJTIwJTIwJTIwJTIyZmVhdHVyZVR5cGUlMjIlM0ElMjAlMjJhZG1pbmlzdHJhdGl2ZS5jb3VudHJ5JTIyJTJDJTBBJTIwJTIwJTIwJTIwJTIwJTIwJTIwJTIwJTIyZWxlbWVudFR5cGUlMjIlM0ElMjAlMjJnZW9tZXRyeSUyMiUyQyUwQSUyMCUyMCUyMCUyMCUyMCUyMCUyMCUyMCUyMnN0eWxlcnMlMjIlM0ElMjAlNUIlMEElMjAlMjAlMjAlMjAlMjAlMjAlMjAlMjAlMjAlMjAlMjAlMjAlN0IlMEElMjAlMjAlMjAlMjAlMjAlMjAlMjAlMjAlMjAlMjAlMjAlMjAlMjAlMjAlMjAlMjAlMjJ2aXNpYmlsaXR5JTIyJTNBJTIwJTIyc2ltcGxpZmllZCUyMiUwQSUyMCUyMCUyMCUyMCUyMCUyMCUyMCUyMCUyMCUyMCUyMCUyMCU3RCUyQyUwQSUyMCUyMCUyMCUyMCUyMCUyMCUyMCUyMCUyMCUyMCUyMCUyMCU3QiUwQSUyMCUyMCUyMCUyMCUyMCUyMCUyMCUyMCUyMCUyMCUyMCUyMCUyMCUyMCUyMCUyMCUyMmh1ZSUyMiUzQSUyMCUyMiUyM2ZmMDAwMCUyMiUwQSUyMCUyMCUyMCUyMCUyMCUyMCUyMCUyMCUyMCUyMCUyMCUyMCU3RCUwQSUyMCUyMCUyMCUyMCUyMCUyMCUyMCUyMCU1RCUwQSUyMCUyMCUyMCUyMCU3RCUwQSU1RA==&#8221;][lab_google_map_location marker_image=&#8221;1028&#8243; retina_marker=&#8221;yes&#8221; latitude=&#8221;38.39322&#8243; longitude=&#8221;27.12734&#8243; marker_title=&#8221;\u00d6zel G\u00fcven A\u011f\u0131z ve Di\u015f Sa\u011fl\u0131\u011f\u0131 Poliklini\u011fi&#8221; marker_description=&#8221;+902322554833<br \/>\n\u00c7al\u0131ku\u015fu, 3188. Sk. No: 11A, 35110 Karaba\u011flar\/\u0130zmir&#8221;][\/lab_google_map][\/vc_column][\/vc_row][vc_row css=&#8221;.vc_custom_1539786151745{padding-top: 0px !important;}&#8221;][vc_column width=&#8221;7\/12&#8243;][vc_column_text]<\/p>\n<h2>Get in touch with us !<\/h2>\n<p>All you need for any quetion or to get appointment is just fill the form, which is waiting for you here !:[\/vc_column_text][lab_contact_form show_subject_field=&#8221;&#8221; submit_title=&#8221;Submit&#8221; submit_success=&#8221;Thank you! #, Your message has been succesfull senden! We will get in touch with you as soon as possible.&#8221; alert_errors=&#8221;&#8221; privacy_policy_text=&#8221;#E-8_JTNDYSUyMGhyZWYlM0QlMjJodHRwcyUzQSUyRiUyRmRlbnRhZ3V2ZW4uY29tJTJGZW4lMkZwcml2YWN5JTJGJTIyJTIwdGFyZ2V0JTNEJTIyX2JsYW5rJTIyJTNFVGVybXMlMjAlMjZhbXAlM0IlMjBDb25kaXRpb25zJTNDJTJGYSUzRSUyMEklMjBoYXZlJTIwcmVhZCUyMGFuZCUyMGFjY2VwdCUyMGl0LiUyMCUyQQ==&#8221; css=&#8221;.vc_custom_1626457319126{padding-top: 0px !important;}&#8221;][\/vc_column][vc_column width=&#8221;1\/12&#8243;][\/vc_column][vc_column width=&#8221;4\/12&#8243;][vc_column_text]<\/p>\n<h2>G\u00fcven Dental Clinic<\/h2>\n<p>You can get in touch with us to send an E-mail or to call us!:<\/p>\n<p><strong>Telephone:<\/strong> <a href=\"tel:+902322554833\">+0232 255 4833<\/a><br \/>\n<strong>Mail: \u00a0<a href=\"mailto:info@dentaguven.com\">info@dentaguven.com<\/a><br \/>\nAddress: \u00a0<\/strong><a href=\"https:\/\/goo.gl\/maps\/1wZRLNyDvLqiq79y7\">\u00c7al\u0131ku\u015fu, 3188. Sk. No: 11A, 35110 Karaba\u011flar\/\u0130zmir<\/a><strong><br \/>\nWhatsapp: <a href=\"tel:+905555420839\">+90 (555) 542 08 39<\/a><\/strong>[\/vc_column_text][vc_separator][vc_separator][\/vc_column][\/vc_row]<\/p>\n","protected":false},"excerpt":{"rendered":"<p>[vc_row full_width=&#8221;stretch_row_content_no_spaces&#8221;][vc_column][lab_google_map zoom=&#8221;15&#8243; map_options=&#8221;map-style&#8221; map_controls=&#8221;zoomControl&#8221; map_style=&#8221;#E-8_JTVCJTBBJTIwJTIwJTIwJTIwJTdCJTBBJTIwJTIwJTIwJTIwJTIwJTIwJTIwJTIwJTIyZmVhdHVyZVR5cGUlMjIlM0ElMjAlMjJhZG1pbmlzdHJhdGl2ZS5jb3VudHJ5JTIyJTJDJTBBJTIwJTIwJTIwJTIwJTIwJTIwJTIwJTIwJTIyZWxlbWVudFR5cGUlMjIlM0ElMjAlMjJnZW9tZXRyeSUyMiUyQyUwQSUyMCUyMCUyMCUyMCUyMCUyMCUyMCUyMCUyMnN0eWxlcnMlMjIlM0ElMjAlNUIlMEElMjAlMjAlMjAlMjAlMjAlMjAlMjAlMjAlMjAlMjAlMjAlMjAlN0IlMEElMjAlMjAlMjAlMjAlMjAlMjAlMjAlMjAlMjAlMjAlMjAlMjAlMjAlMjAlMjAlMjAlMjJ2aXNpYmlsaXR5JTIyJTNBJTIwJTIyc2ltcGxpZmllZCUyMiUwQSUyMCUyMCUyMCUyMCUyMCUyMCUyMCUyMCUyMCUyMCUyMCUyMCU3RCUyQyUwQSUyMCUyMCUyMCUyMCUyMCUyMCUyMCUyMCUyMCUyMCUyMCUyMCU3QiUwQSUyMCUyMCUyMCUyMCUyMCUyMCUyMCUyMCUyMCUyMCUyMCUyMCUyMCUyMCUyMCUyMCUyMmh1ZSUyMiUzQSUyMCUyMiUyM2ZmMDAwMCUyMiUwQSUyMCUyMCUyMCUyMCUyMCUyMCUyMCUyMCUyMCUyMCUyMCUyMCU3RCUwQSUyMCUyMCUyMCUyMCUyMCUyMCUyMCUyMCU1RCUwQSUyMCUyMCUyMCUyMCU3RCUwQSU1RA==&#8221;][lab_google_map_location marker_image=&#8221;1028&#8243; retina_marker=&#8221;yes&#8221; latitude=&#8221;38.39322&#8243; longitude=&#8221;27.12734&#8243; marker_title=&#8221;\u00d6zel G\u00fcven A\u011f\u0131z ve Di\u015f Sa\u011fl\u0131\u011f\u0131 Poliklini\u011fi&#8221; marker_description=&#8221;+902322554833 \u00c7al\u0131ku\u015fu, 3188. Sk. No: 11A, 35110 Karaba\u011flar\/\u0130zmir&#8221;][\/lab_google_map][\/vc_column][\/vc_row][vc_row css=&#8221;.vc_custom_1539786151745{padding-top: 0px !important;}&#8221;][vc_column width=&#8221;7\/12&#8243;][vc_column_text] Get in touch with us ! All you need for any quetion or to get appointment is just fill the form, which is waiting for you&hellip;<\/p>\n","protected":false},"author":1,"featured_media":0,"parent":0,"menu_order":0,"comment_status":"closed","ping_status":"closed","template":"","meta":[],"_links":{"self":[{"href":"https:\/\/dentaguven.com\/en\/wp-json\/wp\/v2\/pages\/881"}],"collection":[{"href":"https:\/\/dentaguven.com\/en\/wp-json\/wp\/v2\/pages"}],"about":[{"href":"https:\/\/dentaguven.com\/en\/wp-json\/wp\/v2\/types\/page"}],"author":[{"embeddable":true,"href":"https:\/\/dentaguven.com\/en\/wp-json\/wp\/v2\/users\/1"}],"replies":[{"embeddable":true,"href":"https:\/\/dentaguven.com\/en\/wp-json\/wp\/v2\/comments?post=881"}],"version-history":[{"count":21,"href":"https:\/\/dentaguven.com\/en\/wp-json\/wp\/v2\/pages\/881\/revisions"}],"predecessor-version":[{"id":2052,"href":"https:\/\/dentaguven.com\/en\/wp-json\/wp\/v2\/pages\/881\/revisions\/2052"}],"wp:attachment":[{"href":"https:\/\/dentaguven.com\/en\/wp-json\/wp\/v2\/media?parent=881"}],"curies":[{"name":"wp","href":"https:\/\/api.w.org\/{rel}","templated":true}]}}