{"id":296,"date":"2018-11-08T15:32:23","date_gmt":"2018-11-08T15:32:23","guid":{"rendered":"https:\/\/demo-content.kaliumtheme.com\/medical\/?page_id=296"},"modified":"2021-07-10T17:31:04","modified_gmt":"2021-07-10T14:31:04","slug":"ourteam","status":"publish","type":"page","link":"https:\/\/dentaguven.com\/en\/ourteam\/","title":{"rendered":"ourteam"},"content":{"rendered":"<p>[vc_row full_width=&#8221;stretch_row&#8221; el_class=&#8221;page-title&#8221;][vc_column][vc_custom_heading text=&#8221;Meet Our Dental Team!&#8221; font_container=&#8221;tag:h1|text_align:left|color:%232e527c&#8221; use_theme_fonts=&#8221;yes&#8221; el_class=&#8221;section-heading&#8221;][vc_column_text css=&#8221;.vc_custom_1625884630544{margin-bottom: 0px !important;}&#8221;]<\/p>\n<h4>Highly skilled dentists and assistants certified by the most famous universities in Turkey, experienced by the most complicated treatment they are here to help our patients.<\/h4>\n<h4>As our team, our main goal is to provide quality service to our patients in a satisfied way.<\/h4>\n<h4>It has naturally always been a priority for our teammates to increase their knowledge and experience in their profession and reflect this on their work and patient satisfaction. We always give the necessary support to our teammates, who can approach the problems with a solution-oriented approach, and thanks to them, our patients are always sent off happily from us.<\/h4>\n<h4><img loading=\"lazy\" class=\"aligncenter wp-image-1759 size-full\" src=\"http:\/\/dentaguven.com\/wp-content\/uploads\/2021\/06\/WhatsApp-Image-2021-06-06-at-19.39.35.jpeg\" alt=\"\" width=\"1600\" height=\"1066\" srcset=\"https:\/\/dentaguven.com\/en\/wp-content\/uploads\/2021\/06\/WhatsApp-Image-2021-06-06-at-19.39.35.jpeg 1600w, https:\/\/dentaguven.com\/en\/wp-content\/uploads\/2021\/06\/WhatsApp-Image-2021-06-06-at-19.39.35-300x200.jpeg 300w, https:\/\/dentaguven.com\/en\/wp-content\/uploads\/2021\/06\/WhatsApp-Image-2021-06-06-at-19.39.35-1024x682.jpeg 1024w, https:\/\/dentaguven.com\/en\/wp-content\/uploads\/2021\/06\/WhatsApp-Image-2021-06-06-at-19.39.35-768x512.jpeg 768w, https:\/\/dentaguven.com\/en\/wp-content\/uploads\/2021\/06\/WhatsApp-Image-2021-06-06-at-19.39.35-1536x1023.jpeg 1536w, https:\/\/dentaguven.com\/en\/wp-content\/uploads\/2021\/06\/WhatsApp-Image-2021-06-06-at-19.39.35-1116x744.jpeg 1116w, https:\/\/dentaguven.com\/en\/wp-content\/uploads\/2021\/06\/WhatsApp-Image-2021-06-06-at-19.39.35-806x537.jpeg 806w, https:\/\/dentaguven.com\/en\/wp-content\/uploads\/2021\/06\/WhatsApp-Image-2021-06-06-at-19.39.35-558x372.jpeg 558w, https:\/\/dentaguven.com\/en\/wp-content\/uploads\/2021\/06\/WhatsApp-Image-2021-06-06-at-19.39.35-655x436.jpeg 655w\" sizes=\"(max-width: 1600px) 100vw, 1600px\" \/><\/h4>\n<p>[\/vc_column_text][\/vc_column][\/vc_row][vc_row full_width=&#8221;stretch_row&#8221; css=&#8221;.vc_custom_1542209442331{background-color: #ffffff !important;}&#8221;][vc_column][vc_custom_heading text=&#8221;OUR DENTAL TEAM&#8221; font_container=&#8221;tag:h2|text_align:left|color:%232e527c&#8221; use_theme_fonts=&#8221;yes&#8221; css=&#8221;.vc_custom_1625898689434{margin-bottom: 25px !important;}&#8221;][vc_row_inner equal_height=&#8221;yes&#8221;][vc_column_inner width=&#8221;1\/4&#8243; offset=&#8221;vc_col-lg-3 vc_col-xs-6&#8243;][vc_single_image image=&#8221;1831&#8243; img_size=&#8221;large&#8221; add_caption=&#8221;yes&#8221; alignment=&#8221;center&#8221; style=&#8221;vc_box_rounded&#8221; css_animation=&#8221;none&#8221;][vc_custom_heading text=&#8221;Dt. Mehmet Burak Solako\u011flu&#8221; font_container=&#8221;tag:h4|text_align:left&#8221; use_theme_fonts=&#8221;yes&#8221;][vc_custom_heading text=&#8221;Owner &amp; Dentist&#8221; font_container=&#8221;tag:h4|text_align:left&#8221; use_theme_fonts=&#8221;yes&#8221; css=&#8221;.vc_custom_1625898591666{margin-bottom: 25px !important;}&#8221;][vc_column_text]Our Owner-Dentist was born in 13.12.1970 and graduated from Bornova Highschool.<\/p>\n<p>He graduated between 1988-1993 Ege University Faculty of Dentistry.He is known as a Dentist to use and want to be loved by his professional achievements.<\/p>\n<div>E-Mail info@dentaguven.com<\/div>\n<div>Telephone +90 (232) 255 48 33<\/div>\n<div>Mobilphone +90 (555) 542 08 39<\/div>\n<p>[\/vc_column_text][\/vc_column_inner][vc_column_inner width=&#8221;1\/4&#8243; offset=&#8221;vc_col-lg-3 vc_col-xs-6&#8243;][vc_single_image image=&#8221;1830&#8243; img_size=&#8221;large&#8221; alignment=&#8221;center&#8221; style=&#8221;vc_box_rounded&#8221; css_animation=&#8221;none&#8221;][vc_custom_heading text=&#8221;Dt. Tu\u011f\u00e7e \u00dcnl\u00fc&#8221; font_container=&#8221;tag:h4|text_align:left&#8221; use_theme_fonts=&#8221;yes&#8221;][vc_custom_heading text=&#8221;Dentist&#8221; font_container=&#8221;tag:h4|text_align:left&#8221; use_theme_fonts=&#8221;yes&#8221; css=&#8221;.vc_custom_1625898598381{margin-bottom: 25px !important;}&#8221;][vc_column_text]She was born in \u0130zmir and studying between 2016-2020 Ege University Faculty of Dentistry. She joined us in November 2020. She has expanded his patient portfolio in a very short time thanks to her love for his profession, determination and positivity in human relations and his professional success.[\/vc_column_text][\/vc_column_inner][vc_column_inner width=&#8221;1\/4&#8243;][vc_single_image image=&#8221;1829&#8243; img_size=&#8221;large&#8221; alignment=&#8221;center&#8221; style=&#8221;vc_box_rounded&#8221;][vc_custom_heading text=&#8221;Yeliz Bayd\u0131&#8221; font_container=&#8221;tag:h4|text_align:left&#8221; use_theme_fonts=&#8221;yes&#8221;][vc_custom_heading text=&#8221;Dental Assistant&#8221; font_container=&#8221;tag:h4|text_align:left&#8221; use_theme_fonts=&#8221;yes&#8221;][vc_column_text]She is working in G\u00fcven Dental Clinic team since 2013.<\/p>\n<p>Certificates<\/p>\n<p>2012 \u2013 Certificate of Private Security<\/p>\n<p>2015 \u2013Certificate of Patien Registration<\/p>\n<p>2018 \u2013 Certificate of Dental Asisstant<\/p>\n<p>2018 \u2013 Certificate of\u00a0 Medical Waste Control[\/vc_column_text][\/vc_column_inner][vc_column_inner width=&#8221;1\/4&#8243;][vc_single_image image=&#8221;1832&#8243; img_size=&#8221;large&#8221; alignment=&#8221;center&#8221; style=&#8221;vc_box_rounded&#8221;][vc_custom_heading text=&#8221;Dental Health Technician&#8221; font_container=&#8221;tag:h4|text_align:left&#8221; use_theme_fonts=&#8221;yes&#8221;][vc_custom_heading text=&#8221;A\u011f\u0131z ve Di\u015f Sa\u011fl\u0131\u011f\u0131 Teknikeri&#8221; font_container=&#8221;tag:h4|text_align:left&#8221; use_theme_fonts=&#8221;yes&#8221;][vc_column_text]She is working in G\u00fcven Dental Clinic team since 2016.<\/p>\n<p>She graduated from 2014 Ankara Turgut \u00d6zal University Vocational School of Health Services.<\/p>\n<p>&nbsp;<\/p>\n<p>Certificates<\/p>\n<p>2008 English and Computer knowledge<\/p>\n<p>2012 Medical Secretariat<\/p>\n<p>2014 Firs-Aid<\/p>\n<p>2014 Certificate of entrepreneurship from KOSGEB<\/p>\n<p>2015 Certificate of\u00a0 Medical Waste Control[\/vc_column_text][\/vc_column_inner][\/vc_row_inner][\/vc_column][\/vc_row][vc_row][vc_column][\/vc_column][\/vc_row]<\/p>\n","protected":false},"excerpt":{"rendered":"<p>[vc_row full_width=&#8221;stretch_row&#8221; el_class=&#8221;page-title&#8221;][vc_column][vc_custom_heading text=&#8221;Meet Our Dental Team!&#8221; font_container=&#8221;tag:h1|text_align:left|color:%232e527c&#8221; use_theme_fonts=&#8221;yes&#8221; el_class=&#8221;section-heading&#8221;][vc_column_text css=&#8221;.vc_custom_1625884630544{margin-bottom: 0px !important;}&#8221;] Highly skilled dentists and assistants certified by the most famous universities in Turkey, experienced by the most complicated treatment they are here to help our patients. As our team, our main goal is to provide quality service to our patients in a&hellip;<\/p>\n","protected":false},"author":1,"featured_media":0,"parent":0,"menu_order":0,"comment_status":"closed","ping_status":"closed","template":"","meta":[],"_links":{"self":[{"href":"https:\/\/dentaguven.com\/en\/wp-json\/wp\/v2\/pages\/296"}],"collection":[{"href":"https:\/\/dentaguven.com\/en\/wp-json\/wp\/v2\/pages"}],"about":[{"href":"https:\/\/dentaguven.com\/en\/wp-json\/wp\/v2\/types\/page"}],"author":[{"embeddable":true,"href":"https:\/\/dentaguven.com\/en\/wp-json\/wp\/v2\/users\/1"}],"replies":[{"embeddable":true,"href":"https:\/\/dentaguven.com\/en\/wp-json\/wp\/v2\/comments?post=296"}],"version-history":[{"count":43,"href":"https:\/\/dentaguven.com\/en\/wp-json\/wp\/v2\/pages\/296\/revisions"}],"predecessor-version":[{"id":2014,"href":"https:\/\/dentaguven.com\/en\/wp-json\/wp\/v2\/pages\/296\/revisions\/2014"}],"wp:attachment":[{"href":"https:\/\/dentaguven.com\/en\/wp-json\/wp\/v2\/media?parent=296"}],"curies":[{"name":"wp","href":"https:\/\/api.w.org\/{rel}","templated":true}]}}